{"id":1589,"date":"2020-05-27T16:46:09","date_gmt":"2020-05-27T16:46:09","guid":{"rendered":"https:\/\/justlikeus.pt\/?page_id=1589"},"modified":"2020-05-27T16:47:11","modified_gmt":"2020-05-27T16:47:11","slug":"about-us","status":"publish","type":"page","link":"https:\/\/justlikeus.pt\/en\/about-us\/","title":{"rendered":"About Us"},"content":{"rendered":"\t\t<div data-elementor-type=\"wp-page\" data-elementor-id=\"1589\" class=\"elementor elementor-1589 elementor-224\" data-elementor-post-type=\"page\">\n\t\t\t\t\t\t<section class=\"elementor-section elementor-top-section elementor-element elementor-element-b8c3142 elementor-section-stretched elementor-section-full_width elementor-section-height-default elementor-section-height-default\" data-id=\"b8c3142\" data-element_type=\"section\" data-settings=\"{&quot;stretch_section&quot;:&quot;section-stretched&quot;,&quot;background_background&quot;:&quot;classic&quot;}\">\n\t\t\t\t\t\t<div class=\"elementor-container elementor-column-gap-default\">\n\t\t\t\t\t<div class=\"elementor-column elementor-col-100 elementor-top-column elementor-element elementor-element-d6e6116\" data-id=\"d6e6116\" data-element_type=\"column\">\n\t\t\t<div class=\"elementor-widget-wrap elementor-element-populated\">\n\t\t\t\t\t\t<div class=\"elementor-element elementor-element-e7d2bc3 elementor-widget elementor-widget-image\" data-id=\"e7d2bc3\" data-element_type=\"widget\" data-widget_type=\"image.default\">\n\t\t\t\t<div class=\"elementor-widget-container\">\n\t\t\t\t\t\t\t\t\t\t\t\t\t\t\t<img fetchpriority=\"high\" decoding=\"async\" width=\"1600\" height=\"1098\" src=\"https:\/\/justlikeus.pt\/wp-content\/uploads\/2020\/05\/About-img-1600.jpg\" class=\"attachment-full size-full wp-image-1361\" alt=\"\" srcset=\"https:\/\/justlikeus.pt\/wp-content\/uploads\/2020\/05\/About-img-1600.jpg 1600w, https:\/\/justlikeus.pt\/wp-content\/uploads\/2020\/05\/About-img-1600-300x206.jpg 300w, https:\/\/justlikeus.pt\/wp-content\/uploads\/2020\/05\/About-img-1600-1024x703.jpg 1024w, https:\/\/justlikeus.pt\/wp-content\/uploads\/2020\/05\/About-img-1600-768x527.jpg 768w, https:\/\/justlikeus.pt\/wp-content\/uploads\/2020\/05\/About-img-1600-1536x1054.jpg 1536w\" sizes=\"(max-width: 1600px) 100vw, 1600px\" \/>\t\t\t\t\t\t\t\t\t\t\t\t\t\t\t<\/div>\n\t\t\t\t<\/div>\n\t\t\t\t\t<\/div>\n\t\t<\/div>\n\t\t\t\t\t<\/div>\n\t\t<\/section>\n\t\t\t\t<section class=\"elementor-section elementor-top-section elementor-element elementor-element-e05aad1 elementor-section-stretched elementor-section-content-middle elementor-section-boxed elementor-section-height-default elementor-section-height-default\" data-id=\"e05aad1\" data-element_type=\"section\" data-settings=\"{&quot;stretch_section&quot;:&quot;section-stretched&quot;,&quot;background_background&quot;:&quot;classic&quot;}\">\n\t\t\t\t\t\t<div class=\"elementor-container elementor-column-gap-default\">\n\t\t\t\t\t<div class=\"elementor-column elementor-col-100 elementor-top-column elementor-element elementor-element-edac701\" data-id=\"edac701\" data-element_type=\"column\">\n\t\t\t<div class=\"elementor-widget-wrap elementor-element-populated\">\n\t\t\t\t\t\t<div class=\"elementor-element elementor-element-7855434 elementor-widget elementor-widget-image\" data-id=\"7855434\" data-element_type=\"widget\" data-widget_type=\"image.default\">\n\t\t\t\t<div class=\"elementor-widget-container\">\n\t\t\t\t\t\t\t\t\t\t\t\t\t\t\t<img decoding=\"async\" width=\"800\" height=\"245\" src=\"https:\/\/justlikeus.pt\/wp-content\/uploads\/2020\/05\/About-frame-txt-EN-1024x313.png\" class=\"attachment-large size-large wp-image-1591\" alt=\"\" srcset=\"https:\/\/justlikeus.pt\/wp-content\/uploads\/2020\/05\/About-frame-txt-EN-1024x313.png 1024w, https:\/\/justlikeus.pt\/wp-content\/uploads\/2020\/05\/About-frame-txt-EN-300x92.png 300w, https:\/\/justlikeus.pt\/wp-content\/uploads\/2020\/05\/About-frame-txt-EN-768x235.png 768w, https:\/\/justlikeus.pt\/wp-content\/uploads\/2020\/05\/About-frame-txt-EN-1536x469.png 1536w, https:\/\/justlikeus.pt\/wp-content\/uploads\/2020\/05\/About-frame-txt-EN.png 1754w\" sizes=\"(max-width: 800px) 100vw, 800px\" \/>\t\t\t\t\t\t\t\t\t\t\t\t\t\t\t<\/div>\n\t\t\t\t<\/div>\n\t\t\t\t\t<\/div>\n\t\t<\/div>\n\t\t\t\t\t<\/div>\n\t\t<\/section>\n\t\t\t\t<section class=\"elementor-section elementor-top-section elementor-element elementor-element-59cda62 elementor-hidden-desktop elementor-hidden-tablet elementor-hidden-phone elementor-section-boxed elementor-section-height-default elementor-section-height-default\" data-id=\"59cda62\" data-element_type=\"section\" data-settings=\"{&quot;background_background&quot;:&quot;classic&quot;}\">\n\t\t\t\t\t\t<div class=\"elementor-container elementor-column-gap-default\">\n\t\t\t\t\t<div class=\"elementor-column elementor-col-100 elementor-top-column elementor-element elementor-element-6a387f4\" data-id=\"6a387f4\" data-element_type=\"column\" data-settings=\"{&quot;background_background&quot;:&quot;classic&quot;}\">\n\t\t\t<div class=\"elementor-widget-wrap elementor-element-populated\">\n\t\t\t\t\t\t<div class=\"elementor-element elementor-element-ce000a8 elementor-widget elementor-widget-text-editor\" data-id=\"ce000a8\" data-element_type=\"widget\" data-widget_type=\"text-editor.default\">\n\t\t\t\t<div class=\"elementor-widget-container\">\n\t\t\t\t\t\t\t\t\t<p style=\"text-align: left;\">Este \u00e9 um projeto de afetos e partilha. N\u00e3o seria poss\u00edvel sem a colabora\u00e7\u00e3o e o empenho de todos os que deram o seu melhor para garantir que viesse \u00e0 luz do dia e de todos os que diariamente partilham o seu modo de viver convosco.<br \/>Gente de todas as idades e com diferentes personalidades, localidades e viv\u00eancias. Em comum, a generosidade, a hospitalidade, o brio e a paix\u00e3o por aquilo que fazem. \u00c9 por isso que faz todo o sentido dizer que quem vem, \u00e9 recebido como se fosse um de n\u00f3s \u2013 Just Like Us.<\/p>\t\t\t\t\t\t\t\t<\/div>\n\t\t\t\t<\/div>\n\t\t\t\t\t<\/div>\n\t\t<\/div>\n\t\t\t\t\t<\/div>\n\t\t<\/section>\n\t\t\t\t<\/div>\n\t\t","protected":false},"excerpt":{"rendered":"<p>Este \u00e9 um projeto de afetos e partilha. N\u00e3o seria poss\u00edvel sem a colabora\u00e7\u00e3o e o empenho de todos os que deram o seu melhor para garantir que viesse \u00e0 luz do dia e de todos os que diariamente partilham o seu modo de viver convosco.Gente de todas as idades e com diferentes personalidades, localidades [&hellip;]<\/p>\n","protected":false},"author":1,"featured_media":0,"parent":0,"menu_order":0,"comment_status":"closed","ping_status":"closed","template":"","meta":{"_acf_changed":false,"footnotes":""},"class_list":["post-1589","page","type-page","status-publish","hentry"],"acf":[],"_links":{"self":[{"href":"https:\/\/justlikeus.pt\/en\/wp-json\/wp\/v2\/pages\/1589","targetHints":{"allow":["GET"]}}],"collection":[{"href":"https:\/\/justlikeus.pt\/en\/wp-json\/wp\/v2\/pages"}],"about":[{"href":"https:\/\/justlikeus.pt\/en\/wp-json\/wp\/v2\/types\/page"}],"author":[{"embeddable":true,"href":"https:\/\/justlikeus.pt\/en\/wp-json\/wp\/v2\/users\/1"}],"replies":[{"embeddable":true,"href":"https:\/\/justlikeus.pt\/en\/wp-json\/wp\/v2\/comments?post=1589"}],"version-history":[{"count":2,"href":"https:\/\/justlikeus.pt\/en\/wp-json\/wp\/v2\/pages\/1589\/revisions"}],"predecessor-version":[{"id":1593,"href":"https:\/\/justlikeus.pt\/en\/wp-json\/wp\/v2\/pages\/1589\/revisions\/1593"}],"wp:attachment":[{"href":"https:\/\/justlikeus.pt\/en\/wp-json\/wp\/v2\/media?parent=1589"}],"curies":[{"name":"wp","href":"https:\/\/api.w.org\/{rel}","templated":true}]}}