{"id":1640,"date":"2020-05-28T15:44:51","date_gmt":"2020-05-28T15:44:51","guid":{"rendered":"https:\/\/justlikeus.pt\/privacy-policy\/"},"modified":"2020-05-28T15:44:52","modified_gmt":"2020-05-28T15:44:52","slug":"privacy-policy","status":"publish","type":"page","link":"https:\/\/justlikeus.pt\/en\/privacy-policy\/","title":{"rendered":"Privacy Policy"},"content":{"rendered":"\t\t<div data-elementor-type=\"wp-page\" data-elementor-id=\"1640\" class=\"elementor elementor-1640 elementor-240\" data-elementor-post-type=\"page\">\n\t\t\t\t\t\t<section class=\"elementor-section elementor-top-section elementor-element elementor-element-a3a6d64 elementor-section-boxed elementor-section-height-default elementor-section-height-default\" data-id=\"a3a6d64\" data-element_type=\"section\" data-settings=\"{&quot;background_background&quot;:&quot;classic&quot;}\">\n\t\t\t\t\t\t<div class=\"elementor-container elementor-column-gap-default\">\n\t\t\t\t\t<div class=\"elementor-column elementor-col-100 elementor-top-column elementor-element elementor-element-30e60dc\" data-id=\"30e60dc\" data-element_type=\"column\">\n\t\t\t<div class=\"elementor-widget-wrap elementor-element-populated\">\n\t\t\t\t\t\t<div class=\"elementor-element elementor-element-bbd1f85 elementor-widget elementor-widget-heading\" data-id=\"bbd1f85\" data-element_type=\"widget\" data-widget_type=\"heading.default\">\n\t\t\t\t<div class=\"elementor-widget-container\">\n\t\t\t\t\t<h2 class=\"elementor-heading-title elementor-size-default\">Privacy Policy<\/h2>\t\t\t\t<\/div>\n\t\t\t\t<\/div>\n\t\t\t\t<section class=\"elementor-section elementor-inner-section elementor-element elementor-element-626986a elementor-section-content-middle elementor-section-boxed elementor-section-height-default elementor-section-height-default\" data-id=\"626986a\" data-element_type=\"section\" data-settings=\"{&quot;background_background&quot;:&quot;classic&quot;}\">\n\t\t\t\t\t\t<div class=\"elementor-container elementor-column-gap-default\">\n\t\t\t\t\t<div class=\"elementor-column elementor-col-100 elementor-inner-column elementor-element elementor-element-bd5d4a4\" data-id=\"bd5d4a4\" data-element_type=\"column\">\n\t\t\t<div class=\"elementor-widget-wrap elementor-element-populated\">\n\t\t\t\t\t\t<div class=\"elementor-element elementor-element-0c1eb10 elementor-widget elementor-widget-text-editor\" data-id=\"0c1eb10\" data-element_type=\"widget\" data-widget_type=\"text-editor.default\">\n\t\t\t\t<div class=\"elementor-widget-container\">\n\t\t\t\t\t\t\t\t\t<h5>\u00c2MBITO DA NOSSA POL\u00cdTICA DE PRIVACIDADE<\/h5>\n<p>A presente pol\u00edtica de privacidade abrange o website da Cosmikmountain, Lda. A Cosmikmountain, Lda., respeita a privacidade do Utilizador e processa os seus dados pessoais de acordo com as leis em vigor. Os dados n\u00e3o ser\u00e3o processados para quaisquer outros fins que n\u00e3o os aqui especificados. A Cosmikmountain, Lda. reserva-se o direito de atualizar ou modificar a sua Pol\u00edtica de Privacidade a qualquer momento, nomeadamente, de forma a adapt\u00e1-la a altera\u00e7\u00f5es legislativas.<\/p>\n<p>\u00a0<\/p>\n<h5>PARA QUE FINS S\u00c3O RECOLHIDOS DADOS PESSOAIS DO UTILIZADOR?<\/h5>\n<p>Os dados recolhidos nos formul\u00e1rios do website da Cosmikmountain, Lda. destinam-se exclusivamente ao processamento dos pedidos dos utilizadores, e n\u00e3o ser\u00e3o usados para qualquer outro processamento.<\/p>\n<p>\u00a0<\/p>\n<h5>O RESPONS\u00c1VEL PELA PROTE\u00c7\u00c3O DE DADOS UTILIZA OS DADOS PESSOAIS RECOLHIDOS PARA MARKETING DIRETO?<\/h5>\n<p>A Cosmikmountain, Lda. n\u00e3o utilizar\u00e1 os seus dados pessoais para lhe enviar qualquer correio n\u00e3o solicitado cujo conte\u00fado n\u00e3o tenha recebido o seu consentimento expl\u00edcito. A LQP, Lda. n\u00e3o vende nem negoceia os seus dados com terceiros.<\/p>\n<p>\u00a0<\/p>\n<h5>QUEM TEM ACESSO AOS DADOS PESSOAIS DO UTILIZADOR?<\/h5>\n<p>A Cosmikmountain, Lda. n\u00e3o divulga a terceiros quaisquer dados pessoais dos seus Clientes e Utilizadores, sem o seu consentimento, exceto quando tal for exigido por lei. Onde s\u00e3o guardados os dados do Utilizador? \u00a0\u2013 A Cosmikmountain, Lda. guarda os dados dos seus clientes e Utilizadores nos seus servidores localizados na\u00a0justlikeus.experiences.com.\u00a0Estes servidores s\u00e3o protegidos e mantidos de acordo com os mais elevados standards de seguran\u00e7a e por forma a respeitar as leis de privacidade aplic\u00e1veis. Caso deseje ser removido da nossa base de dados, poder\u00e1 exercer esse direito, contactando-nos atrav\u00e9s dos diversos meios dispon\u00edveis no site.<\/p>\n\t\t\t\t\t\t\t\t<\/div>\n\t\t\t\t<\/div>\n\t\t\t\t\t<\/div>\n\t\t<\/div>\n\t\t\t\t\t<\/div>\n\t\t<\/section>\n\t\t\t\t\t<\/div>\n\t\t<\/div>\n\t\t\t\t\t<\/div>\n\t\t<\/section>\n\t\t\t\t<\/div>\n\t\t","protected":false},"excerpt":{"rendered":"<p>Privacy Policy \u00c2MBITO DA NOSSA POL\u00cdTICA DE PRIVACIDADE A presente pol\u00edtica de privacidade abrange o website da Cosmikmountain, Lda. A Cosmikmountain, Lda., respeita a privacidade do Utilizador e processa os seus dados pessoais de acordo com as leis em vigor. Os dados n\u00e3o ser\u00e3o processados para quaisquer outros fins que n\u00e3o os aqui especificados. A [&hellip;]<\/p>\n","protected":false},"author":1,"featured_media":0,"parent":0,"menu_order":0,"comment_status":"closed","ping_status":"closed","template":"elementor_header_footer","meta":{"_acf_changed":false,"footnotes":""},"class_list":["post-1640","page","type-page","status-publish","hentry"],"acf":[],"_links":{"self":[{"href":"https:\/\/justlikeus.pt\/en\/wp-json\/wp\/v2\/pages\/1640","targetHints":{"allow":["GET"]}}],"collection":[{"href":"https:\/\/justlikeus.pt\/en\/wp-json\/wp\/v2\/pages"}],"about":[{"href":"https:\/\/justlikeus.pt\/en\/wp-json\/wp\/v2\/types\/page"}],"author":[{"embeddable":true,"href":"https:\/\/justlikeus.pt\/en\/wp-json\/wp\/v2\/users\/1"}],"replies":[{"embeddable":true,"href":"https:\/\/justlikeus.pt\/en\/wp-json\/wp\/v2\/comments?post=1640"}],"version-history":[{"count":1,"href":"https:\/\/justlikeus.pt\/en\/wp-json\/wp\/v2\/pages\/1640\/revisions"}],"predecessor-version":[{"id":1641,"href":"https:\/\/justlikeus.pt\/en\/wp-json\/wp\/v2\/pages\/1640\/revisions\/1641"}],"wp:attachment":[{"href":"https:\/\/justlikeus.pt\/en\/wp-json\/wp\/v2\/media?parent=1640"}],"curies":[{"name":"wp","href":"https:\/\/api.w.org\/{rel}","templated":true}]}}