{"id":1642,"date":"2020-05-28T15:45:26","date_gmt":"2020-05-28T15:45:26","guid":{"rendered":"https:\/\/justlikeus.pt\/terms-conditions\/"},"modified":"2020-06-28T16:38:15","modified_gmt":"2020-06-28T16:38:15","slug":"terms-conditions","status":"publish","type":"page","link":"https:\/\/justlikeus.pt\/en\/terms-conditions\/","title":{"rendered":"Terms &#038; Conditions"},"content":{"rendered":"\t\t<div data-elementor-type=\"wp-page\" data-elementor-id=\"1642\" class=\"elementor elementor-1642 elementor-254\" data-elementor-post-type=\"page\">\n\t\t\t\t\t\t<section class=\"elementor-section elementor-top-section elementor-element elementor-element-a3a6d64 elementor-section-boxed elementor-section-height-default elementor-section-height-default\" data-id=\"a3a6d64\" data-element_type=\"section\" data-settings=\"{&quot;background_background&quot;:&quot;classic&quot;}\">\n\t\t\t\t\t\t<div class=\"elementor-container elementor-column-gap-default\">\n\t\t\t\t\t<div class=\"elementor-column elementor-col-100 elementor-top-column elementor-element elementor-element-30e60dc\" data-id=\"30e60dc\" data-element_type=\"column\">\n\t\t\t<div class=\"elementor-widget-wrap elementor-element-populated\">\n\t\t\t\t\t\t<div class=\"elementor-element elementor-element-bbd1f85 elementor-widget elementor-widget-heading\" data-id=\"bbd1f85\" data-element_type=\"widget\" data-widget_type=\"heading.default\">\n\t\t\t\t<div class=\"elementor-widget-container\">\n\t\t\t\t\t<h2 class=\"elementor-heading-title elementor-size-default\">Terms &amp; Conditions<\/h2>\t\t\t\t<\/div>\n\t\t\t\t<\/div>\n\t\t\t\t<section class=\"elementor-section elementor-inner-section elementor-element elementor-element-626986a elementor-section-content-middle elementor-section-boxed elementor-section-height-default elementor-section-height-default\" data-id=\"626986a\" data-element_type=\"section\" data-settings=\"{&quot;background_background&quot;:&quot;classic&quot;}\">\n\t\t\t\t\t\t<div class=\"elementor-container elementor-column-gap-default\">\n\t\t\t\t\t<div class=\"elementor-column elementor-col-100 elementor-inner-column elementor-element elementor-element-bd5d4a4\" data-id=\"bd5d4a4\" data-element_type=\"column\">\n\t\t\t<div class=\"elementor-widget-wrap elementor-element-populated\">\n\t\t\t\t\t\t<div class=\"elementor-element elementor-element-0c1eb10 elementor-widget elementor-widget-text-editor\" data-id=\"0c1eb10\" data-element_type=\"widget\" data-widget_type=\"text-editor.default\">\n\t\t\t\t<div class=\"elementor-widget-container\">\n\t\t\t\t\t\t\t\t\t<p>Agradecemos a sua visita ao nosso website. Assegure-se de que l\u00ea cuidadosamente os Termos e Condi\u00e7\u00f5es apresentados nesta p\u00e1gina, na medida em que qualquer utiliza\u00e7\u00e3o deste website significa que aceita os Termos e Condi\u00e7\u00f5es ora apresentados.<\/p>\n<p><\/p>\n<\/p>\n<h5>POL\u00cdTICA DE PRIVACIDADE DO WEBSITE<\/h5>\n<p>Qualquer conte\u00fado ou dados pessoais que sejam enviados para os sites da justlikeus.experiences.com&nbsp;est\u00e3o sujeitos \u00e0 Pol\u00edtica de Privacidade e Prote\u00e7\u00e3o de Dados pessoais apresentados na Pol\u00edtica de Privacidade da justlikeus.experiences.com.<\/p>\n<p><\/p>\n<\/p>\n<h5>EXATID\u00c3O, INTEGRIDADE E TEMPORALIDADE DA INFORMA\u00c7\u00c3O<\/h5>\n<p>Ainda que sejam usados todos os meios ao nosso dispor para assegurar a exatid\u00e3o e a integridade da informa\u00e7\u00e3o existente nesta p\u00e1gina web, n\u00e3o assumimos, em caso algum, qualquer responsabilidade se a informa\u00e7\u00e3o disponibilizada n\u00e3o for exata ou completa. Qualquer modifica\u00e7\u00e3o que fa\u00e7a ao conte\u00fado disponibilizado nesta p\u00e1gina web ser\u00e1 efetuada por sua conta e risco, sendo, por isso, respons\u00e1vel por monitorizar tais altera\u00e7\u00f5es.<\/p>\n<p><\/p>\n<\/p>\n<h5>TRANSMISS\u00c3O DE DADOS<\/h5>\n<p>Qualquer conte\u00fado ou comunica\u00e7\u00e3o de dados n\u00e3o pessoais que nos envie a esta p\u00e1gina web atrav\u00e9s de correio eletr\u00f3nico ou qualquer outro meio, contendo dados, quest\u00f5es, coment\u00e1rios, sugest\u00f5es ou similares ser\u00e3o tratados como dados n\u00e3o confidenciais e sem direitos de propriedade.<br \/>Toda e qualquer informa\u00e7\u00e3o que nos envie ou que coloque nos nossos websites torna-se propriedade de&nbsp;justlikeus.experiences.com&nbsp;&nbsp;e poder\u00e1 ser usada em qualquer circunst\u00e2ncia, incluindo, mas n\u00e3o estando limitado a, divulga\u00e7\u00e3o, reprodu\u00e7\u00e3o, transmiss\u00e3o, publica\u00e7\u00e3o, difus\u00e3o e coloca\u00e7\u00e3o de conte\u00fados na web. Acresce ainda que a justlikeus.experiences.com&nbsp;&nbsp;\u00e9 totalmente livre de usar, para qualquer finalidade que considere oportuna (incluindo, mas n\u00e3o limitado a, desenvolvimento, produ\u00e7\u00e3o, publicidade e marketing de produtos), as ideias, trabalhos criativos, inven\u00e7\u00f5es, desenvolvimento, sugest\u00f5es e conceitos em geral presentes em qualquer comunica\u00e7\u00e3o que nos envie. O seu uso est\u00e1 isento de compensa\u00e7\u00f5es monet\u00e1rias \u00e0 parte que disponibilizou a informa\u00e7\u00e3o.<br \/>Quando submete informa\u00e7\u00e3o nos websites da&nbsp;justlikeus.experiences.com&nbsp;, garante, simultaneamente, que os conte\u00fados da mesma s\u00e3o da sua responsabilidade e n\u00e3o difamat\u00f3rios, e que o uso por parte da&nbsp;justlikeus.experiences.com&nbsp;&nbsp;n\u00e3o violar\u00e1 quaisquer direitos de terceiros, nem a legisla\u00e7\u00e3o aplic\u00e1vel. A&nbsp;justlikeus.experiences.com&nbsp;&nbsp;n\u00e3o \u00e9 obrigada a usar a informa\u00e7\u00e3o disponibilizada.<\/p>\n<p><\/p>\n<\/p>\n<h5>DIREITOS DE PROPRIEDADE INTELECTUAL<\/h5>\n<p>\u00ae Marca Registada por&nbsp;justlikeus.experiences.com&nbsp; Todos os direitos reservados.<br \/>Todos os direitos de autor e demais direitos de propriedade intelectual inerentes aos textos, imagens e outros conte\u00fados em geral disponibilizados neste website, s\u00e3o propriedade da justlikeus.experiences.com&nbsp;&nbsp;ou usados por este com a autoriza\u00e7\u00e3o do respetivo propriet\u00e1rio.<br \/>Est\u00e1 autorizado a navegar, a reproduzir extratos de conte\u00fados deste website atrav\u00e9s de impress\u00e3o e a efectuar downloads para um disco r\u00edgido, com o objectivo de divulga\u00e7\u00e3o a outros indiv\u00edduos. Esta situa\u00e7\u00e3o \u00e9 apenas permitida sob a condi\u00e7\u00e3o de respeitar os direitos de autor e outros direitos intelectuais, e desde que seja efectuada uma men\u00e7\u00e3o \u00e0 marca acima descrita nessas reprodu\u00e7\u00f5es. A reprodu\u00e7\u00e3o total ou parcial do website para fins comerciais \u00e9 proibida, assim como a sua altera\u00e7\u00e3o ou incorpora\u00e7\u00e3o em qualquer outro artigo, publica\u00e7\u00e3o ou website.<br \/>Quaisquer marcas registadas, log\u00f3tipos ou outros sinais distintivos presentes neste website (de ora em diante denominados em conjunto de \u201cmarcas registadas\u201d) s\u00e3o propriedade da&nbsp;justlikeus.experiences.com&nbsp; a qual faz parte a&nbsp;justlikeus.experiences.com&nbsp;. Nenhum conte\u00fado deste website pode ser\u2028interpretado no sentido de concess\u00e3o de uma licen\u00e7a, autoriza\u00e7\u00e3o ou direito para usar qualquer marca registada a\u00ed mencionada. O uso ou utiliza\u00e7\u00e3o incorrecta ou abusiva das marcas registadas ou de quaisquer outros conte\u00fados deste website s\u00e3o expressamente proibidos, exceto na forma prevista nestes Termos e Condi\u00e7\u00f5es. Advertimos que a&nbsp;justlikeus.experiences.com utilizar\u00e1 todos os mecanismos legais para proteger e refor\u00e7ar os seus direitos de propriedade intelectual.<\/p>\n<p><\/p>\n<\/p>\n<h5>LINKS DE ACESSO A OUTROS WEBSITES<\/h5>\n<p>Nos websites da&nbsp;justlikeus.experiences.com&nbsp;&nbsp;poder\u00e1 encontrar links de acesso a outros websites alheios \u00e0&nbsp;justlikeus.experiences.com n\u00e3o aceitando a justlikeus.experiences.com&nbsp;&nbsp;qualquer responsabilidade pelos conte\u00fados, exatid\u00e3o, credibilidade e funcionalidades de websites pertencentes a terceiros.<br \/>A disponibiliza\u00e7\u00e3o de tais links \u00e9 efetuada de boa f\u00e9, n\u00e3o podendo a&nbsp;justlikeus.experiences.com&nbsp;&nbsp;ser responsabilizada pelas modifica\u00e7\u00f5es que sejam efectuadas em websites pertencentes a terceiros.<br \/>A disponibiliza\u00e7\u00e3o de links para outros websites alheios \u00e0&nbsp;justlikeus.experiences.com&nbsp;&nbsp;n\u00e3o implica qualquer assun\u00e7\u00e3o de responsabilidades relativamente a esses websites. Recomendamos veemente que se informe e leia atentamente as informa\u00e7\u00f5es legais e pol\u00edticas de privacidade de todos os websites que visite.<\/p>\n<p><\/p>\n<\/p>\n<h5>GARANTIAS E REN\u00daNCIA DE RESPONSABILIDADE<\/h5>\n<p>A forma como utiliza este website e os conte\u00fados nele presentes \u00e9 exclusivamente da sua responsabilidade e risco.<\/p>\n<p><\/p>\n<\/p>\n<h5>GARANTIAS<\/h5>\n<p>Este website \u00e9-lhe disponibilizado com o conte\u00fado que nele consta atualmente. Por conseguinte a&nbsp;justlikeus.experiences.com&nbsp;&nbsp;n\u00e3o lhe presta garantias de nenhum tipo, expl\u00edcitas, impl\u00edcitas, legais ou de outro tipo (nomeadamente garantias impl\u00edcitas de comercialidade ou satisfa\u00e7\u00e3o do n\u00edvel de qualidade e de adequa\u00e7\u00e3o a uma finalidade espec\u00edfica), incluindo garantias ou compromissos de que o conte\u00fado desta p\u00e1gina web esteja completo, exato, correto, fi\u00e1vel, atualizado, que o seu acesso a esta p\u00e1gina seja ininterrupto ou livre de erros, e que n\u00e3o cont\u00e9m v\u00edrus, n\u00e3o garante que o website seja seguro e que qualquer conselho ou opini\u00e3o da&nbsp;justlikeus.experiences.com&nbsp;&nbsp;adquirido atrav\u00e9s deste website seja correto ou fi\u00e1vel, pelo que n\u00e3o se assume nenhum compromisso ou garantia sobre os aspetos supra mencionados.<br \/>Tenha em considera\u00e7\u00e3o que, em algumas jurisdi\u00e7\u00f5es, \u00e9 poss\u00edvel que n\u00e3o sejam admitidas exclus\u00f5es de garantias impl\u00edcitas, pelo que algumas destas exclus\u00f5es podem n\u00e3o lhe ser aplic\u00e1veis. Por favor consulte a respetiva legisla\u00e7\u00e3o local aplic\u00e1vel.<br \/>A&nbsp;justlikeus.experiences.com&nbsp;&nbsp;reserva-se o direito de, a qualquer momento e sem pr\u00e9-aviso, restringir, suspender ou cancelar o acesso ao website ou a parte do mesmo e a qualquer funcionalidade incorporada nesta p\u00e1gina.<\/p>\n<p><\/p>\n<\/p>\n<h5>RESPONSABILIDADE<\/h5>\n<p>A&nbsp;justlikeus.experiences.com&nbsp;&nbsp;e\/ou qualquer outra parte envolvida no processo de cria\u00e7\u00e3o, produ\u00e7\u00e3o e desenvolvimento deste website, n\u00e3o ser\u00e1 respons\u00e1vel, em caso algum, por danos diretos e\/ou indiretos, fortuitos, patrimoniais e\/ou n\u00e3o patrimoniais, por danos emergentes e\/ou lucros\u2028cessantes, ou quaisquer outros danos e\/ou custos, resultantes do seu acesso, uso ou incapacidade de uso, da altera\u00e7\u00e3o ao conte\u00fado deste website, de qualquer outro website a que aceda atrav\u00e9s de um link existente neste website, causados por qualquer medida que possamos adotar, ou deixar de adotar, como consequ\u00eancia de uma mensagem eletr\u00f3nica que nos possa ter enviado.<br \/>A&nbsp;justlikeus.experiences.com&nbsp;&nbsp;e\/ou terceiros envolvidos no processo de cria\u00e7\u00e3o, produ\u00e7\u00e3o e desenvolvimento deste website n\u00e3o t\u00eam qualquer responsabilidade derivada da manuten\u00e7\u00e3o do conte\u00fado e\u2028servi\u00e7os que se encontram dispon\u00edveis neste website, ou de efetuar corre\u00e7\u00f5es, atualiza\u00e7\u00f5es ou elimina\u00e7\u00f5es dos mesmos. Todos os conte\u00fados deste website est\u00e3o sujeitos a altera\u00e7\u00f5es sem aviso pr\u00e9vio.<br \/>A justlikeus.experiences.com&nbsp;&nbsp;n\u00e3o assume qualquer tipo de responsabilidade por perdas e\/ou danos sofridos causados por v\u00edrus que possam afetar o seu computador ou qualquer outro equipamento, decorrente do seu acesso, uso ou download de conte\u00fados deste website. Se optar por efetuar downloads de conte\u00fados a partir deste website f\u00e1-lo-\u00e1 por sua exclusiva conta e risco.<br \/>Com a m\u00e1xima amplitude permitida pela legisla\u00e7\u00e3o aplic\u00e1vel, o usu\u00e1rio declara renunciar expressamente \u00e0 apresenta\u00e7\u00e3o de qualquer reclama\u00e7\u00e3o contra a&nbsp;justlikeus.experiences.com&nbsp;&nbsp;e seus respons\u00e1veis, directores, colaboradores, fornecedores e programadores, que possa resultar do uso ou acesso a esta p\u00e1gina web.<\/p>\n<p><\/p>\n<\/p>\n<h5>ATIVIDADES PROIBIDAS<\/h5>\n<p>Est\u00e3o proibidas quaisquer atividades que sejam consideradas pela&nbsp;justlikeus.experiences.com&nbsp;&nbsp;como inapropriadas e\/ou que sejam suscept\u00edveis de serem ilegais de acordo com a legisla\u00e7\u00e3o aplic\u00e1vel a esta p\u00e1gina web, incluindo, mas n\u00e3o limitado a:<br \/>Qualquer ato que possa constituir uma viola\u00e7\u00e3o da privacidade (incluindo o envio para este website de informa\u00e7\u00f5es privadas sem o consentimento da pessoa afetada) ou de quaisquer outros direitos legais das pessoas f\u00edsicas;<br \/>Usar este website para difamar e\/ou injuriar a&nbsp;justlikeus.experiences.com&nbsp; os seus colaboradores, ou outras pessoas f\u00edsicas e\/ou colectivas, ou atuar de forma a desacreditar a reputa\u00e7\u00e3o da&nbsp;justlikeus.experiences.com.<br \/><span style=\"letter-spacing: 0.2px;\">Enviar para este website ficheiros que contenham v\u00edrus que possam causar danos \u00e0 propriedade da&nbsp;justlikeus.experiences.com&nbsp;&nbsp;ou \u00e0 propriedade de pessoas f\u00edsicas;&nbsp;<\/span><span style=\"letter-spacing: 0.2px;\">Colocar ou transmitir para este website qualquer conte\u00fado n\u00e3o autorizado, incluindo, mas n\u00e3o limitado a, conte\u00fados que provavelmente causem, no nosso entendimento, danos ou preju\u00edzos, ou, ainda, que violem os sistemas de seguran\u00e7a da rede da&nbsp;justlikeus.experiences.com&nbsp;&nbsp;ou de terceiras pessoas, conte\u00fados que sejam difamat\u00f3rios, racistas, obscenos, amea\u00e7adores, de conte\u00fado pornogr\u00e1fico ou que se apresentem com conte\u00fados suscept\u00edveis de serem qualificados como il\u00edcitos em geral.<\/span><\/p>\n<p><\/p>\n<\/p>\n<h5>JURISDI\u00c7\u00c3O E LEGISLA\u00c7\u00c3O APLIC\u00c1VEL<\/h5>\n<p>O conte\u00fado e a informa\u00e7\u00e3o da&nbsp;justlikeus.experiences.com&nbsp;&nbsp;contida nesta p\u00e1gina web s\u00e3o disponibilizados unicamente para os usu\u00e1rios de Portugal. A&nbsp;justlikeus.experiences.com&nbsp;&nbsp;n\u00e3o garante que esse conte\u00fado e informa\u00e7\u00e3o sejam apropriados ou dispon\u00edveis em pa\u00edses distintos de Portugal. O usu\u00e1rio desta p\u00e1gina e a&nbsp;justlikeus.experiences.com&nbsp;&nbsp;aceitam sem reservas que qualquer diferendo ou lit\u00edgio resultante do uso desta p\u00e1gina web ser\u00e1 regido pela lei portuguesa, convencionando-se como competente, com expressa ren\u00fancia a qualquer outro, o foro da comarca do&nbsp;justlikeus.experiences.com&nbsp;, Portugal.<\/p>\n<p><\/p>\n<\/p>\n<h5>COOKIES<\/h5>\n<p>A&nbsp;justlikeus.experiences.com&nbsp;&nbsp;utiliza tecnologia de pesquisa atrav\u00e9s de Cookies. A Pol\u00edtica da&nbsp;justlikeus.experiences.com&nbsp; no uso de cookies est\u00e1 definida na Pol\u00edtica de Privacidade e Dados Pessoais da justlikeus.experiences.com&nbsp;&nbsp;disponibilizada neste website.<\/p>\n<p><\/p>\n<\/p>\n<h5>ATUALIZA\u00c7\u00d5ES LEGAIS<\/h5>\n<p>Reservamo-nos o direito de alterar esta Pol\u00edtica de Privacidade. Por favor visite esta p\u00e1gina com regularidade para rever a informa\u00e7\u00e3o contida no website e eventuais informa\u00e7\u00f5es novas adicionais.<\/p>\n\t\t\t\t\t\t\t\t<\/div>\n\t\t\t\t<\/div>\n\t\t\t\t\t<\/div>\n\t\t<\/div>\n\t\t\t\t\t<\/div>\n\t\t<\/section>\n\t\t\t\t\t<\/div>\n\t\t<\/div>\n\t\t\t\t\t<\/div>\n\t\t<\/section>\n\t\t\t\t<\/div>\n\t\t","protected":false},"excerpt":{"rendered":"<p>Terms &#038; Conditions Agradecemos a sua visita ao nosso website. Assegure-se de que l\u00ea cuidadosamente os Termos e Condi\u00e7\u00f5es apresentados nesta p\u00e1gina, na medida em que qualquer utiliza\u00e7\u00e3o deste website significa que aceita os Termos e Condi\u00e7\u00f5es ora apresentados. POL\u00cdTICA DE PRIVACIDADE DO WEBSITE Qualquer conte\u00fado ou dados pessoais que sejam enviados para os sites [&hellip;]<\/p>\n","protected":false},"author":1,"featured_media":0,"parent":0,"menu_order":0,"comment_status":"closed","ping_status":"closed","template":"elementor_header_footer","meta":{"_acf_changed":false,"footnotes":""},"class_list":["post-1642","page","type-page","status-publish","hentry"],"acf":[],"_links":{"self":[{"href":"https:\/\/justlikeus.pt\/en\/wp-json\/wp\/v2\/pages\/1642","targetHints":{"allow":["GET"]}}],"collection":[{"href":"https:\/\/justlikeus.pt\/en\/wp-json\/wp\/v2\/pages"}],"about":[{"href":"https:\/\/justlikeus.pt\/en\/wp-json\/wp\/v2\/types\/page"}],"author":[{"embeddable":true,"href":"https:\/\/justlikeus.pt\/en\/wp-json\/wp\/v2\/users\/1"}],"replies":[{"embeddable":true,"href":"https:\/\/justlikeus.pt\/en\/wp-json\/wp\/v2\/comments?post=1642"}],"version-history":[{"count":1,"href":"https:\/\/justlikeus.pt\/en\/wp-json\/wp\/v2\/pages\/1642\/revisions"}],"predecessor-version":[{"id":1643,"href":"https:\/\/justlikeus.pt\/en\/wp-json\/wp\/v2\/pages\/1642\/revisions\/1643"}],"wp:attachment":[{"href":"https:\/\/justlikeus.pt\/en\/wp-json\/wp\/v2\/media?parent=1642"}],"curies":[{"name":"wp","href":"https:\/\/api.w.org\/{rel}","templated":true}]}}